{"id":2593,"date":"2022-05-18T19:13:52","date_gmt":"2022-05-18T23:13:52","guid":{"rendered":"https:\/\/www.ecoaventureboreale.ca\/?page_id=2593"},"modified":"2022-05-18T19:14:43","modified_gmt":"2022-05-18T23:14:43","slug":"the-cluster-committee","status":"publish","type":"page","link":"https:\/\/www.ecoaventureboreale.ca\/en\/the-cluster-committee\/","title":{"rendered":"The Cluster Committee"},"content":{"rendered":"<p>[et_pb_section fb_built=&#8221;1&#8243; fullwidth=&#8221;on&#8221; admin_label=&#8221;Section&#8221; _builder_version=&#8221;4.16&#8243; global_colors_info=&#8221;{}&#8221; theme_builder_area=&#8221;post_content&#8221;][et_pb_fullwidth_slider admin_label=&#8221;Fullwidth Slider&#8221; _builder_version=&#8221;4.17.4&#8243; header_level=&#8221;h1&#8243; header_font=&#8221;Assistant|700|||||||&#8221; header_text_color=&#8221;#ffffff&#8221; header_font_size=&#8221;40px&#8221; body_font=&#8221;Assistant||||||||&#8221; body_font_size=&#8221;18px&#8221; background_color=&#8221;#003460&#8243; background_enable_image=&#8221;off&#8221; custom_padding=&#8221;120px||120px|||&#8221; custom_padding_tablet=&#8221;|||&#8221; custom_padding_phone=&#8221;|||&#8221; box_shadow_style=&#8221;preset6&#8243; box_shadow_blur=&#8221;10px&#8221; box_shadow_color=&#8221;rgba(0,0,0,0.1)&#8221; top_padding=&#8221;200px&#8221; bottom_padding=&#8221;200px&#8221; remove_inner_shadow=&#8221;off&#8221; hide_content_on_mobile=&#8221;off&#8221; hide_cta_on_mobile=&#8221;off&#8221; show_inner_shadow=&#8221;on&#8221; button_letter_spacing_hover=&#8221;0&#8243; global_colors_info=&#8221;{}&#8221; button_text_size__hover_enabled=&#8221;off&#8221; button_one_text_size__hover_enabled=&#8221;off&#8221; button_two_text_size__hover_enabled=&#8221;off&#8221; button_text_color__hover_enabled=&#8221;off&#8221; button_one_text_color__hover_enabled=&#8221;off&#8221; button_two_text_color__hover_enabled=&#8221;off&#8221; button_border_width__hover_enabled=&#8221;off&#8221; button_one_border_width__hover_enabled=&#8221;off&#8221; button_two_border_width__hover_enabled=&#8221;off&#8221; button_border_color__hover_enabled=&#8221;off&#8221; button_one_border_color__hover_enabled=&#8221;off&#8221; button_two_border_color__hover_enabled=&#8221;off&#8221; button_border_radius__hover_enabled=&#8221;off&#8221; button_one_border_radius__hover_enabled=&#8221;off&#8221; button_two_border_radius__hover_enabled=&#8221;off&#8221; button_letter_spacing__hover_enabled=&#8221;on&#8221; button_letter_spacing__hover=&#8221;0&#8243; button_one_letter_spacing__hover_enabled=&#8221;off&#8221; button_two_letter_spacing__hover_enabled=&#8221;off&#8221; button_bg_color__hover_enabled=&#8221;off&#8221; button_one_bg_color__hover_enabled=&#8221;off&#8221; button_two_bg_color__hover_enabled=&#8221;off&#8221; theme_builder_area=&#8221;post_content&#8221;][et_pb_slide heading=&#8221;The Cluster committee&#8221; use_bg_overlay=&#8221;off&#8221; use_text_overlay=&#8221;off&#8221; _builder_version=&#8221;4.17.4&#8243; header_level=&#8221;h1&#8243; header_font=&#8221;|600|||||||&#8221; header_font_size=&#8221;40px&#8221; body_font=&#8221;||||&#8221; body_font_size=&#8221;18px&#8221; background_color=&#8221;#003460&#8243; background_enable_color=&#8221;on&#8221; background_image=&#8221;https:\/\/www.ecoaventureboreale.ca\/wp-content\/uploads\/2022\/03\/Triangle_vert_Plan-de-travail-1.png&#8221; background_enable_image=&#8221;on&#8221; background_size=&#8221;contain&#8221; background_position=&#8221;center_right&#8221; button_icon_placement=&#8221;right&#8221; button_on_hover=&#8221;on&#8221; global_colors_info=&#8221;{}&#8221; button_text_size__hover_enabled=&#8221;off&#8221; button_one_text_size__hover_enabled=&#8221;off&#8221; button_two_text_size__hover_enabled=&#8221;off&#8221; button_text_color__hover_enabled=&#8221;off&#8221; button_one_text_color__hover_enabled=&#8221;off&#8221; button_two_text_color__hover_enabled=&#8221;off&#8221; button_border_width__hover_enabled=&#8221;off&#8221; button_one_border_width__hover_enabled=&#8221;off&#8221; button_two_border_width__hover_enabled=&#8221;off&#8221; button_border_color__hover_enabled=&#8221;off&#8221; button_one_border_color__hover_enabled=&#8221;off&#8221; button_two_border_color__hover_enabled=&#8221;off&#8221; button_border_radius__hover_enabled=&#8221;off&#8221; button_one_border_radius__hover_enabled=&#8221;off&#8221; button_two_border_radius__hover_enabled=&#8221;off&#8221; button_letter_spacing__hover_enabled=&#8221;off&#8221; button_one_letter_spacing__hover_enabled=&#8221;off&#8221; button_two_letter_spacing__hover_enabled=&#8221;off&#8221; button_bg_color__hover_enabled=&#8221;off&#8221; button_one_bg_color__hover_enabled=&#8221;off&#8221; button_two_bg_color__hover_enabled=&#8221;off&#8221; sticky_transition=&#8221;on&#8221; theme_builder_area=&#8221;post_content&#8221;]<\/p>\n<p>The cluster brings together various organizations that gravitate around our industry.<\/p>\n<p>[\/et_pb_slide][\/et_pb_fullwidth_slider][\/et_pb_section][et_pb_section fb_built=&#8221;1&#8243; custom_padding_last_edited=&#8221;on|desktop&#8221; admin_label=&#8221;section&#8221; _builder_version=&#8221;4.16&#8243; custom_padding_tablet=&#8221;50px|0|50px|0&#8243; custom_padding_phone=&#8221;&#8221; transparent_background=&#8221;off&#8221; padding_mobile=&#8221;off&#8221; global_colors_info=&#8221;{}&#8221; theme_builder_area=&#8221;post_content&#8221;][et_pb_row _builder_version=&#8221;4.16&#8243; _module_preset=&#8221;default&#8221; custom_padding=&#8221;12px|||||&#8221; global_colors_info=&#8221;{}&#8221; theme_builder_area=&#8221;post_content&#8221;][et_pb_column type=&#8221;4_4&#8243; _builder_version=&#8221;4.16&#8243; _module_preset=&#8221;default&#8221; global_colors_info=&#8221;{}&#8221; theme_builder_area=&#8221;post_content&#8221;][et_pb_text _builder_version=&#8221;4.17.4&#8243; _module_preset=&#8221;default&#8221; text_font=&#8221;Assistant||||||||&#8221; text_text_color=&#8221;#003460&#8243; text_font_size=&#8221;16px&#8221; header_font=&#8221;Assistant|600|||||||&#8221; header_text_color=&#8221;#003460&#8243; header_font_size=&#8221;40px&#8221; header_2_font=&#8221;Assistant|600|||||||&#8221; header_2_text_color=&#8221;#003460&#8243; header_2_font_size=&#8221;30px&#8221; min_height=&#8221;101.6px&#8221; global_colors_info=&#8221;{}&#8221; theme_builder_area=&#8221;post_content&#8221;]<\/p>\n<h2><span style=\"text-decoration: underline;\">Central scope<\/span><\/h2>\n<p style=\"vertical-align: baseline;\"><span>The central scope of the cluster is made up of businesses and organizations that offer an adventure tourism or ecotourism experience, or contribute directly to the development of this sector.<\/span><\/p>\n<p>[\/et_pb_text][\/et_pb_column][\/et_pb_row][et_pb_row column_structure=&#8221;1_2,1_2&#8243; padding_mobile=&#8221;off&#8221; column_padding_mobile=&#8221;on&#8221; admin_label=&#8221;row&#8221; _builder_version=&#8221;4.16&#8243; background_size=&#8221;initial&#8221; background_position=&#8221;top_left&#8221; background_repeat=&#8221;repeat&#8221; custom_margin=&#8221;-43px|auto||auto||&#8221; custom_padding=&#8221;29px||13px|||&#8221; global_colors_info=&#8221;{}&#8221; theme_builder_area=&#8221;post_content&#8221;][et_pb_column type=&#8221;1_2&#8243; _builder_version=&#8221;4.16&#8243; custom_padding=&#8221;|||&#8221; global_colors_info=&#8221;{}&#8221; custom_padding__hover=&#8221;|||&#8221; theme_builder_area=&#8221;post_content&#8221;][et_pb_text admin_label=&#8221;Text&#8221; _builder_version=&#8221;4.16&#8243; text_font=&#8221;Assistant||||||||&#8221; text_text_color=&#8221;#003460&#8243; text_font_size=&#8221;16px&#8221; header_font=&#8221;|700||on|||||&#8221; header_text_align=&#8221;center&#8221; header_text_color=&#8221;#0083e8&#8243; header_2_font=&#8221;Assistant|600|||||||&#8221; header_3_font=&#8221;Assistant|600|||||||&#8221; header_3_text_color=&#8221;#003460&#8243; header_3_font_size=&#8221;20px&#8221; background_size=&#8221;initial&#8221; background_position=&#8221;top_left&#8221; background_repeat=&#8221;repeat&#8221; custom_padding=&#8221;7px|||||&#8221; use_border_color=&#8221;off&#8221; border_color=&#8221;#ffffff&#8221; border_style=&#8221;solid&#8221; global_colors_info=&#8221;{}&#8221; theme_builder_area=&#8221;post_content&#8221;]<\/p>\n<h3><img loading=\"lazy\" decoding=\"async\" src=\"https:\/\/www.ecoaventureboreale.ca\/wp-content\/uploads\/2022\/03\/entreprises_vert-300x300.png\" width=\"100\" height=\"100\" alt=\"\" class=\"wp-image-2473 alignnone size-medium\" style=\"float: left;\" \/>Producers of adventure activities and ecotourism businesses<\/h3>\n<p style=\"text-align: justify;\"><span>The Saguenay\u2013Lac-Saint-Jean region has the largest concentration of adventure tourism and ecotourism businesses. The region\u2019s producers offer a variety of activities in both summer and winter. Some have been operating for over 25 years and are pioneers of the industry in Quebec. They have contributed to the development and influence of adventure tourism and ecotourism in Eastern Canada.<\/span><\/p>\n<p>[\/et_pb_text][\/et_pb_column][et_pb_column type=&#8221;1_2&#8243; _builder_version=&#8221;4.16&#8243; custom_padding=&#8221;|||&#8221; global_colors_info=&#8221;{}&#8221; custom_padding__hover=&#8221;|||&#8221; theme_builder_area=&#8221;post_content&#8221;][et_pb_text admin_label=&#8221;Text&#8221; _builder_version=&#8221;4.16&#8243; text_font=&#8221;Assistant||||||||&#8221; text_text_color=&#8221;#003460&#8243; text_font_size=&#8221;16px&#8221; header_2_font=&#8221;Assistant|600|||||||&#8221; header_3_font=&#8221;Assistant|600|||||||&#8221; header_3_text_color=&#8221;#003460&#8243; header_3_font_size=&#8221;20px&#8221; background_size=&#8221;initial&#8221; background_position=&#8221;top_left&#8221; background_repeat=&#8221;repeat&#8221; custom_margin=&#8221;||40px|||&#8221; custom_padding=&#8221;0px|||||&#8221; use_border_color=&#8221;off&#8221; border_color=&#8221;#ffffff&#8221; border_style=&#8221;solid&#8221; global_colors_info=&#8221;{}&#8221; theme_builder_area=&#8221;post_content&#8221;]<\/p>\n<h3 style=\"background-color: #ffffff;\"><img loading=\"lazy\" decoding=\"async\" src=\"https:\/\/www.ecoaventureboreale.ca\/wp-content\/uploads\/2022\/03\/parc-nation_vert-300x298.png\" width=\"98\" height=\"97\" alt=\"\" class=\"wp-image-2466 alignnone size-medium\" style=\"margin-right: 10px; font-size: 22px; float: left;\" \/><\/h3>\n<h3>Territories and outdoor infrastructures<\/h3>\n<p style=\"margin: 0cm; vertical-align: baseline; text-align: justify;\"><span>The region is known for its exceptional natural sites such as Lac Saint-Jean, its tributary rivers, the Saguenay Fjord, and the Valin Mountains. In addition to these exceptional sites, there is an impressive network of tourist infrastructures and territories that promote the practice of adventure tourism and ecotourism activities.<\/span><\/p>\n<p>[\/et_pb_text][\/et_pb_column][\/et_pb_row][et_pb_row _builder_version=&#8221;4.16&#8243; _module_preset=&#8221;default&#8221; custom_padding=&#8221;18px||5px|||&#8221; global_colors_info=&#8221;{}&#8221; theme_builder_area=&#8221;post_content&#8221;][et_pb_column type=&#8221;4_4&#8243; _builder_version=&#8221;4.16&#8243; _module_preset=&#8221;default&#8221; global_colors_info=&#8221;{}&#8221; theme_builder_area=&#8221;post_content&#8221;][et_pb_divider _builder_version=&#8221;4.16&#8243; _module_preset=&#8221;default&#8221; global_colors_info=&#8221;{}&#8221; theme_builder_area=&#8221;post_content&#8221;][\/et_pb_divider][\/et_pb_column][\/et_pb_row][et_pb_row _builder_version=&#8221;4.16&#8243; _module_preset=&#8221;default&#8221; custom_padding=&#8221;19px|||||&#8221; global_colors_info=&#8221;{}&#8221; theme_builder_area=&#8221;post_content&#8221;][et_pb_column type=&#8221;4_4&#8243; _builder_version=&#8221;4.16&#8243; _module_preset=&#8221;default&#8221; global_colors_info=&#8221;{}&#8221; theme_builder_area=&#8221;post_content&#8221;][et_pb_text _builder_version=&#8221;4.17.4&#8243; _module_preset=&#8221;default&#8221; text_font_size=&#8221;16px&#8221; custom_margin=&#8221;-10px|||||&#8221; global_colors_info=&#8221;{}&#8221; theme_builder_area=&#8221;post_content&#8221;]<\/p>\n<h2><span style=\"text-decoration: underline;\">Associated scope<\/span><\/h2>\n<p style=\"vertical-align: baseline;\"><span>The associated scope of the cluster is made up of businesses and organizations that complement the mission of the clusterand play an important role in the development of the sector.<\/span><\/p>\n<p>[\/et_pb_text][\/et_pb_column][\/et_pb_row][et_pb_row column_structure=&#8221;1_2,1_2&#8243; _builder_version=&#8221;4.16&#8243; _module_preset=&#8221;default&#8221; custom_margin=&#8221;-15px|auto||auto||&#8221; custom_padding=&#8221;4px|||||&#8221; global_colors_info=&#8221;{}&#8221; theme_builder_area=&#8221;post_content&#8221;][et_pb_column type=&#8221;1_2&#8243; _builder_version=&#8221;4.16&#8243; _module_preset=&#8221;default&#8221; global_colors_info=&#8221;{}&#8221; theme_builder_area=&#8221;post_content&#8221;][et_pb_text admin_label=&#8221;Text&#8221; _builder_version=&#8221;4.17.4&#8243; text_font_size=&#8221;16px&#8221; background_size=&#8221;initial&#8221; background_position=&#8221;top_left&#8221; background_repeat=&#8221;repeat&#8221; custom_padding=&#8221;10px|||||&#8221; use_border_color=&#8221;off&#8221; border_color=&#8221;#ffffff&#8221; border_style=&#8221;solid&#8221; global_colors_info=&#8221;{}&#8221; theme_builder_area=&#8221;post_content&#8221;]<\/p>\n<h3 style=\"background-color: #ffffff;\"><img loading=\"lazy\" decoding=\"async\" src=\"https:\/\/www.ecoaventureboreale.ca\/wp-content\/uploads\/2022\/03\/hebergement-nature_vert-300x300.png\" width=\"115\" height=\"115\" alt=\"\" class=\"wp-image-2477 alignnone size-medium\" style=\"margin-right: 10px; font-size: 22px; float: left;\" \/><\/h3>\n<h3>Nature accomodation<\/h3>\n<p style=\"margin: 0cm; vertical-align: baseline; text-align: justify;\"><span>Campsites, yurts, rustic cabins, unusual accommodations\u2026 more and more tourism businesses are offering adventure activity enthusiasts the opportunity to stay in the heart of nature, or are offering adventure products directly on their site.<\/span><\/p>\n<p style=\"margin: 0cm; vertical-align: baseline;\">[\/et_pb_text][et_pb_text admin_label=&#8221;Text&#8221; _builder_version=&#8221;4.17.4&#8243; text_font_size=&#8221;16px&#8221; background_size=&#8221;initial&#8221; background_position=&#8221;top_left&#8221; background_repeat=&#8221;repeat&#8221; custom_margin=&#8221;||40px|||&#8221; use_border_color=&#8221;off&#8221; border_color=&#8221;#ffffff&#8221; border_style=&#8221;solid&#8221; global_colors_info=&#8221;{}&#8221; theme_builder_area=&#8221;post_content&#8221;]<\/p>\n<h3><img loading=\"lazy\" decoding=\"async\" src=\"https:\/\/www.ecoaventureboreale.ca\/wp-content\/uploads\/2022\/03\/Pictogrammes-21-300x300.png\" width=\"115\" height=\"115\" alt=\"\" class=\"wp-image-2524 alignnone size-medium\" style=\"float: left; ,margin-right: 10px;\" \/><\/h3>\n<h3>Event organizers<\/h3>\n<p style=\"margin: 0cm; vertical-align: baseline; text-align: justify;\"><span>Numerous events aimed at adventure customers are organized each year, including sports competitions, discovery fairs open to the public, and conferences aimed at businesses in the sector.<\/span><\/p>\n<p>[\/et_pb_text][\/et_pb_column][et_pb_column type=&#8221;1_2&#8243; _builder_version=&#8221;4.16&#8243; _module_preset=&#8221;default&#8221; global_colors_info=&#8221;{}&#8221; theme_builder_area=&#8221;post_content&#8221;][et_pb_text admin_label=&#8221;Text&#8221; _builder_version=&#8221;4.17.4&#8243; text_font_size=&#8221;16px&#8221; background_size=&#8221;initial&#8221; background_position=&#8221;top_left&#8221; background_repeat=&#8221;repeat&#8221; use_border_color=&#8221;off&#8221; border_color=&#8221;#ffffff&#8221; border_style=&#8221;solid&#8221; global_colors_info=&#8221;{}&#8221; theme_builder_area=&#8221;post_content&#8221;]<\/p>\n<h3 style=\"background-color: #ffffff;\"><img loading=\"lazy\" decoding=\"async\" src=\"https:\/\/www.ecoaventureboreale.ca\/wp-content\/uploads\/2022\/03\/Pictogrammes-15-300x298.png\" width=\"115\" height=\"114\" alt=\"\" class=\"wp-image-2526 alignnone size-medium\" style=\"margin-right: 10px; font-size: 22px; float: left;\" \/><\/h3>\n<h3>Manufacturers of outdoor equipment and clothing<\/h3>\n<p style=\"text-align: justify;\"><span>Manufacturing companies that produce outdoor equipment and\/or clothing, as well as manufacturers of specialized equipment used by adventure and ecotourism businesses.<\/span><\/p>\n<p>&nbsp;<\/p>\n<p>[\/et_pb_text][et_pb_text admin_label=&#8221;Text&#8221; _builder_version=&#8221;4.17.4&#8243; text_font_size=&#8221;16px&#8221; background_size=&#8221;initial&#8221; background_position=&#8221;top_left&#8221; background_repeat=&#8221;repeat&#8221; use_border_color=&#8221;off&#8221; border_color=&#8221;#ffffff&#8221; border_style=&#8221;solid&#8221; global_colors_info=&#8221;{}&#8221; theme_builder_area=&#8221;post_content&#8221;]<\/p>\n<h3><img loading=\"lazy\" decoding=\"async\" src=\"https:\/\/www.ecoaventureboreale.ca\/wp-content\/uploads\/2022\/03\/Pictogrammes-13-300x300.png\" width=\"114\" height=\"114\" alt=\"\" class=\"wp-image-2522 alignnone size-medium\" style=\"float: left; margin-right: 10px;\" \/>Distributors and resellers of outdoor equipment<\/h3>\n<p style=\"text-align: justify;\"><span>Stores that offer, for sale or rent, consumer products intended for outdoor activity participants and the clientele of adventure and ecotourism businesses.<\/span><\/p>\n<p>[\/et_pb_text][\/et_pb_column][\/et_pb_row][et_pb_row _builder_version=&#8221;4.16&#8243; _module_preset=&#8221;default&#8221; custom_padding=&#8221;18px|||||&#8221; global_colors_info=&#8221;{}&#8221; theme_builder_area=&#8221;post_content&#8221;][et_pb_column type=&#8221;4_4&#8243; _builder_version=&#8221;4.16&#8243; _module_preset=&#8221;default&#8221; global_colors_info=&#8221;{}&#8221; theme_builder_area=&#8221;post_content&#8221;][et_pb_divider _builder_version=&#8221;4.16&#8243; _module_preset=&#8221;default&#8221; global_colors_info=&#8221;{}&#8221; theme_builder_area=&#8221;post_content&#8221;][\/et_pb_divider][\/et_pb_column][\/et_pb_row][et_pb_row padding_mobile=&#8221;off&#8221; column_padding_mobile=&#8221;on&#8221; admin_label=&#8221;row&#8221; _builder_version=&#8221;4.16&#8243; background_size=&#8221;initial&#8221; background_position=&#8221;top_left&#8221; background_repeat=&#8221;repeat&#8221; custom_margin=&#8221;-43px|auto||auto||&#8221; custom_padding=&#8221;21px|||||&#8221; global_colors_info=&#8221;{}&#8221; theme_builder_area=&#8221;post_content&#8221;][et_pb_column type=&#8221;4_4&#8243; _builder_version=&#8221;4.16&#8243; custom_padding=&#8221;|||&#8221; global_colors_info=&#8221;{}&#8221; custom_padding__hover=&#8221;|||&#8221; theme_builder_area=&#8221;post_content&#8221;][et_pb_text admin_label=&#8221;Text&#8221; _builder_version=&#8221;4.17.4&#8243; text_font_size=&#8221;16px&#8221; background_size=&#8221;initial&#8221; background_position=&#8221;top_left&#8221; background_repeat=&#8221;repeat&#8221; min_height=&#8221;356.8px&#8221; custom_padding=&#8221;14px|||||&#8221; use_border_color=&#8221;off&#8221; border_color=&#8221;#ffffff&#8221; border_style=&#8221;solid&#8221; global_colors_info=&#8221;{}&#8221; theme_builder_area=&#8221;post_content&#8221;]<\/p>\n<h2><span style=\"text-decoration: underline;\">Cluster Partners<\/span><\/h2>\n<p>Numerous socio-economic partners provide their support in the development and influence of the adventure tourism and ecotourism sector. These include:<\/p>\n<ul>\n<li><strong>RCM<\/strong><strong>s and municipalities<\/strong>, particularly those with resources dedicated to tourism development;<\/li>\n<li><strong>Educational institutions<\/strong><span>\u00a0<\/span>that offer programs in tourism or related to the development of skills sought by adventure and ecotourism businesses;<\/li>\n<li><strong>Destination Management O<\/strong><strong>rganizations<\/strong><span>\u00a0<\/span>(DMOs), such as regional and sectoral tourism associations, or local tourism promotion organizations;<\/li>\n<li><strong>Development and funding organizations<\/strong>, including economic development organizations, organizations that promote innovative practices for businesses in the niche, and any other organization whose expertise can contribute to improving the supply or development of the sector;<\/li>\n<li><strong>Interested and involved ministries<\/strong>, directly or indirectly (MEI, MTO, Services Qu\u00e9bec, etc.).<\/li>\n<\/ul>\n<p>&nbsp;<\/p>\n<h2><\/h2>\n<h3><img loading=\"lazy\" decoding=\"async\" src=\"https:\/\/www.ecoaventureboreale.ca\/wp-content\/uploads\/2022\/03\/enseignement_vert-300x300.png\" width=\"84\" height=\"84\" alt=\"\" class=\"wp-image-2470 alignnone size-medium\" style=\"float: left; margin-right: 10px;\" \/><\/h3>\n<h3>Education institutions and research laboratories<\/h3>\n<p><span>The region benefits from a skilled workforce from the various professional and post-secondary programs in the region, and over 20 years of expertise in research and training specific to the adventure tourism and ecotourism industry.<\/span><\/p>\n<p><strong style=\"font-size: 16px;\">Universit\u00e9 du Qu\u00e9bec \u00e0 Chicoutimi<\/strong><strong><\/strong><strong><\/strong><\/p>\n<ul>\n<li><a href=\"https:\/\/www.uqac.ca\/programme\/7309-baccalaureat-en-intervention-plein-air\/\">Baccalaur\u00e9at en intervention plein air<\/a><\/li>\n<li><a href=\"https:\/\/www.uqac.ca\/programme\/1597-dess-en-intervention\">DESS en intervention par la nature et l\u2019aventure<\/a><\/li>\n<li><a href=\"https:\/\/www.uqac.ca\/programme\/0864-progr-court-en-interv-plein-air-pour-les-premieres-nations\/\">Programme court en intervention plein air pour les Premi\u00e8res Nations<\/a><\/li>\n<li><a href=\"http:\/\/lerpa.uqac.ca\/\">Laboratoire d\u2019expertise et de recherche en plein air de l\u2019Universit\u00e9 du Qu\u00e9bec \u00e0 Chicoutimi (LERPA)<\/a><\/li>\n<\/ul>\n<p><strong>C\u00e9gep de Saint-F\u00e9licien<\/strong><\/p>\n<ul>\n<li><a href=\"https:\/\/www.cegepstfe.ca\/fr\/programme\/techniques-de-tourisme\">Techniques de Tourisme<\/a><\/li>\n<li><a href=\"https:\/\/www.cegepstfe.ca\/fr\/programme\/amenagement-et-interpretation-du-patrimoine-naturel-tmn-\">Technique du milieu naturel, volet am\u00e9nagement et interpr\u00e9tation du patrimoine naturel<\/a><\/li>\n<li><a href=\"http:\/\/seccol.com\/fr\/programme\/guide-en-tourisme-aventure-et-ecotourisme\">Attestation d\u2019\u00e9tudes coll\u00e9giales : Guide en tourisme d\u2019aventure et d\u2019\u00e9cotourisme<\/a><\/li>\n<\/ul>\n<p><strong>Centre de formation professionnelle de La Baie<\/strong><\/p>\n<ul>\n<li><a href=\"http:\/\/www.cfpsaguenay.qc.ca\/programmes\/protection-et-exploitation-de-territoires-fauniques\">Protection et exploitation du territoire faunique<\/a><\/li>\n<\/ul>\n<p><strong><\/strong><\/p>\n<p>&nbsp;<\/p>\n<h2><\/h2>\n<p>[\/et_pb_text][\/et_pb_column][\/et_pb_row][\/et_pb_section]<\/p>\n","protected":false},"excerpt":{"rendered":"<p>The cluster brings together various organizations that gravitate around our industry.Central scope The central scope of the cluster is made up of businesses and organizations that offer an adventure tourism or ecotourism experience, or contribute directly to the development of this sector.Producers of adventure activities and ecotourism businesses The Saguenay\u2013Lac-Saint-Jean region has the largest concentration [&hellip;]<\/p>\n","protected":false},"author":2,"featured_media":0,"parent":0,"menu_order":3,"comment_status":"closed","ping_status":"closed","template":"","meta":{"_et_pb_use_builder":"on","_et_pb_old_content":"","_et_gb_content_width":"","footnotes":""},"class_list":["post-2593","page","type-page","status-publish","hentry"],"_links":{"self":[{"href":"https:\/\/www.ecoaventureboreale.ca\/en\/wp-json\/wp\/v2\/pages\/2593","targetHints":{"allow":["GET"]}}],"collection":[{"href":"https:\/\/www.ecoaventureboreale.ca\/en\/wp-json\/wp\/v2\/pages"}],"about":[{"href":"https:\/\/www.ecoaventureboreale.ca\/en\/wp-json\/wp\/v2\/types\/page"}],"author":[{"embeddable":true,"href":"https:\/\/www.ecoaventureboreale.ca\/en\/wp-json\/wp\/v2\/users\/2"}],"replies":[{"embeddable":true,"href":"https:\/\/www.ecoaventureboreale.ca\/en\/wp-json\/wp\/v2\/comments?post=2593"}],"version-history":[{"count":3,"href":"https:\/\/www.ecoaventureboreale.ca\/en\/wp-json\/wp\/v2\/pages\/2593\/revisions"}],"predecessor-version":[{"id":2614,"href":"https:\/\/www.ecoaventureboreale.ca\/en\/wp-json\/wp\/v2\/pages\/2593\/revisions\/2614"}],"wp:attachment":[{"href":"https:\/\/www.ecoaventureboreale.ca\/en\/wp-json\/wp\/v2\/media?parent=2593"}],"curies":[{"name":"wp","href":"https:\/\/api.w.org\/{rel}","templated":true}]}}